{"id":1641,"date":"2022-02-27T02:08:30","date_gmt":"2022-02-27T02:08:30","guid":{"rendered":"https:\/\/centroeci.com\/comunidad\/?page_id=1641"},"modified":"2023-10-24T20:14:14","modified_gmt":"2023-10-24T20:14:14","slug":"requisitos-para-cursar","status":"publish","type":"page","link":"https:\/\/centroeci.com\/comunidad\/requisitos-para-cursar\/","title":{"rendered":"Requisitos para cursar"},"content":{"rendered":"\r\n<div class=\"wp-block-media-text alignwide is-stacked-on-mobile\" style=\"grid-template-columns: 15% auto;\">\r\n<figure class=\"wp-block-media-text__media\"><img fetchpriority=\"high\" decoding=\"async\" width=\"602\" height=\"800\" class=\"wp-image-1626 size-full\" src=\"https:\/\/centroeci.com\/comunidad\/wp-content\/uploads\/2022\/02\/600cvcv80.jpg\" alt=\"\" srcset=\"https:\/\/centroeci.com\/comunidad\/wp-content\/uploads\/2022\/02\/600cvcv80.jpg 602w, https:\/\/centroeci.com\/comunidad\/wp-content\/uploads\/2022\/02\/600cvcv80-226x300.jpg 226w\" sizes=\"(max-width: 602px) 100vw, 602px\" \/><\/figure>\r\n<div class=\"wp-block-media-text__content\">\r\n<p><strong>Requisitos:<\/strong><br \/><strong>\u2022 Documentos de Identificaci\u00f3n vigentes (c\u00e9dula y\/o pasaporte)<\/strong><br \/><strong>\u2022 Copia del t\u00edtulo \/Copia de constancia de estudios seg\u00fan aplique\u00a0<\/strong><br \/><strong>\u2022 S\u00edntesis Curricular\u00a0<\/strong><br \/><strong>\u2022 Disponibilidad de internet, manejo de herramientas digitales (Word, Excel), entre otras.<\/strong><br \/><strong>\u2022 Cancelar la matricula (v\u00e1lida por el tiempo de duraci\u00f3n del Diplomado)\u00a0<\/strong><\/p>\r\n\r\n\r\n\r\n<p>&nbsp;<\/p>\r\n<\/div>\r\n<\/div>\r\n\r\n\r\n\r\n<div class=\"wp-block-media-text alignwide is-stacked-on-mobile\" style=\"grid-template-columns: 35% auto;\">\r\n<figure class=\"wp-block-media-text__media\"><img decoding=\"async\" width=\"601\" height=\"801\" class=\"wp-image-1587 size-full\" src=\"https:\/\/centroeci.com\/comunidad\/wp-content\/uploads\/2022\/02\/g800.jpg\" alt=\"\" srcset=\"https:\/\/centroeci.com\/comunidad\/wp-content\/uploads\/2022\/02\/g800.jpg 601w, https:\/\/centroeci.com\/comunidad\/wp-content\/uploads\/2022\/02\/g800-225x300.jpg 225w\" sizes=\"(max-width: 601px) 100vw, 601px\" \/><\/figure>\r\n<div class=\"wp-block-media-text__content\">\r\n<p><strong>Pasos para La certificaci\u00f3n Universitaria<\/strong><\/p>\r\n\r\n\r\n\r\n<p><strong>A continuaci\u00f3n, pasos a seguir, t\u00e9rminos y condiciones para la Certificaci\u00f3n Universitaria<\/strong><\/p>\r\n\r\n\r\n\r\n<ol class=\"wp-block-list\">\r\n<li><strong>Aprobaci\u00f3n de la totalidad del Diplomado<\/strong><\/li>\r\n<li><strong>Haber pagado la totalidad de la Matr\u00edcula de Estudios del Diplomado<\/strong><\/li>\r\n<li><strong>No Poseer deuda con la Instituci\u00f3n<\/strong><\/li>\r\n<li><strong>Copia del T\u00edtulo Profesional\/constancia de estudios si aplica (aplican condiciones)<\/strong><\/li>\r\n<li><strong>Copia de la C\u00e9dula de Identidad, DNI, Documento de Identidad o Pasaporte<\/strong><\/li>\r\n<li><strong>S\u00edntesis Curricular (Resumen Curricular)<\/strong><\/li>\r\n<li><strong>El costo no incluye env\u00edos nacionales ni env\u00edos Internacionales (estos se pagan posteriormente al momento de ser emitidos)<\/strong><\/li>\r\n<li><strong>Como todo proceso universitario, toma un tiempo en realizar (se abre un expediente ante la Universidad con todos sus datos y\u00a0 notas, elaboraci\u00f3n, Impresi\u00f3n, llenado en el Libro de Actas, etc.)<\/strong><\/li>\r\n<li><strong>Las actas de culminaci\u00f3n se emiten si el estudiante la solicita<\/strong><\/li>\r\n<\/ol>\r\n\r\n\r\n\r\n<ol class=\"wp-block-list\" start=\"15\">\r\n<li><strong>El pago es obligatorio para la emisi\u00f3n del Diploma Universitario<\/strong><\/li>\r\n<\/ol>\r\n<\/div>\r\n<\/div>\r\n","protected":false},"excerpt":{"rendered":"<p>Requisitos:\u2022 Documentos de Identificaci\u00f3n vigentes (c\u00e9dula y\/o pasaporte)\u2022 Copia del t\u00edtulo \/Copia de constancia de estudios seg\u00fan aplique\u00a0\u2022 S\u00edntesis Curricular\u00a0\u2022 Disponibilidad de internet, manejo de&hellip;<\/p>\n","protected":false},"author":1,"featured_media":0,"parent":0,"menu_order":0,"comment_status":"closed","ping_status":"closed","template":"","meta":{"_coblocks_attr":"","_coblocks_dimensions":"","_coblocks_responsive_height":"","_coblocks_accordion_ie_support":"","footnotes":""},"class_list":["post-1641","page","type-page","status-publish","hentry"],"_links":{"self":[{"href":"https:\/\/centroeci.com\/comunidad\/wp-json\/wp\/v2\/pages\/1641","targetHints":{"allow":["GET"]}}],"collection":[{"href":"https:\/\/centroeci.com\/comunidad\/wp-json\/wp\/v2\/pages"}],"about":[{"href":"https:\/\/centroeci.com\/comunidad\/wp-json\/wp\/v2\/types\/page"}],"author":[{"embeddable":true,"href":"https:\/\/centroeci.com\/comunidad\/wp-json\/wp\/v2\/users\/1"}],"replies":[{"embeddable":true,"href":"https:\/\/centroeci.com\/comunidad\/wp-json\/wp\/v2\/comments?post=1641"}],"version-history":[{"count":1,"href":"https:\/\/centroeci.com\/comunidad\/wp-json\/wp\/v2\/pages\/1641\/revisions"}],"predecessor-version":[{"id":1953,"href":"https:\/\/centroeci.com\/comunidad\/wp-json\/wp\/v2\/pages\/1641\/revisions\/1953"}],"wp:attachment":[{"href":"https:\/\/centroeci.com\/comunidad\/wp-json\/wp\/v2\/media?parent=1641"}],"curies":[{"name":"wp","href":"https:\/\/api.w.org\/{rel}","templated":true}]}}